{"id":700,"date":"2024-02-18T07:56:35","date_gmt":"2024-02-18T07:56:35","guid":{"rendered":"https:\/\/waterlanes.eu\/?page_id=700"},"modified":"2024-02-18T07:56:35","modified_gmt":"2024-02-18T07:56:35","slug":"write-for-us","status":"publish","type":"page","link":"https:\/\/blog.waterlanes.eu\/de\/write-for-us\/","title":{"rendered":"Write for us"},"content":{"rendered":"<h2>F\u00fcr uns schreiben<\/h2>\n<p>Wir sind auf der Suche nach hochwertigen Beitr\u00e4gen f\u00fcr unseren Waterlanes-Blog. Durch das Hinzuf\u00fcgen eines Beitrags zu unserer Website erhalten Sie die zus\u00e4tzlichen SEO-Vorteile sowie die Sichtbarkeit \u00fcber unsere Social-Media-Kan\u00e4le. Wenn dies der richtige Job f\u00fcr Sie ist, dann lesen Sie bitte unsere Richtlinien, um mehr zu erfahren:<\/p>\n<h2>Themen<\/h2>\n<p>Wir freuen uns \u00fcber Ihre Ideen, aber bevor wir etwas freigeben, m\u00fcssen wir das Thema absegnen. Wir freuen uns besonders \u00fcber Inhalte zu einem der folgenden Themen:<\/p>\n<ul>\n<li>Seen<\/li>\n<li>Fl\u00fcsse und Kan\u00e4le<\/li>\n<li>Bootfahren<\/li>\n<li>Angeln<\/li>\n<\/ul>\n<h2>Was ist f\u00fcr Sie drin?<\/h2>\n<ul>\n<li>Sie erreichen ein gro\u00dfes organisches Publikum, das schnell w\u00e4chst<\/li>\n<li>SEO-Vorteile &#8211; wir akzeptieren zwei do-follow Backlinks pro Gastbeitrag<\/li>\n<li>Pr\u00e4senz in den sozialen Medien<\/li>\n<li>Bezahlung: Gastbeitr\u00e4ge sind unbezahlt<\/li>\n<\/ul>\n<h2>Richtlinien f\u00fcr die Einreichung<\/h2>\n<ul>\n<li>Ihr Artikel muss mindestens 1000 W\u00f6rter lang sein<\/li>\n<li>Sie d\u00fcrfen maximal zwei eigenn\u00fctzige Links einf\u00fcgen. Einen zu Ihrer Website und den anderen zu einer anderen Website, f\u00fcr die Sie werben m\u00f6chten (sofern der Link relevant ist). Es steht Ihnen frei, auf andere hochwertige Ressourcen zu verlinken, um den Artikel aufzuwerten, aber sie werden entfernt, wenn wir sie f\u00fcr unn\u00f6tig oder \u00fcbertrieben halten.<\/li>\n<li>Ausgehende Links m\u00fcssen f\u00fcr den Inhalt relevant sein. Wir erlauben KEINE Links zu Produkt-Landingpages.<\/li>\n<li>Bitte verwenden Sie beim Schreiben strukturierte Inhalte, wie z. B. geordnete Zwischen\u00fcberschriften, verst\u00e4ndliche S\u00e4tze und die Beschaffung visueller Inhalte, d. h. Bilder, Videos oder Gifs.<\/li>\n<li>Wir behalten uns das Recht vor, kleinere \u00c4nderungen an Ihrem fertigen Artikel vorzunehmen.<br \/>\nNach der Ver\u00f6ffentlichung im <a href=\"https:\/\/waterlanes.eu\/\">Waterlanes<\/a>-Blog d\u00fcrfen Sie den Artikel nirgendwo anders ver\u00f6ffentlichen, auch nicht in Ihrem eigenen Blog.<\/li>\n<li>Achten Sie bei der Verwendung von Bildern darauf, dass keine Urheberrechtsverletzungen vorliegen. Geben Sie bei Bedarf Quellenangaben an.<\/li>\n<\/ul>\n","protected":false},"excerpt":{"rendered":"<p>F\u00fcr uns schreiben Wir sind auf der Suche nach hochwertigen Beitr\u00e4gen f\u00fcr unseren Waterlanes-Blog. Durch das Hinzuf\u00fcgen eines Beitrags zu unserer Website erhalten Sie die zus\u00e4tzlichen SEO-Vorteile sowie die Sichtbarkeit \u00fcber unsere Social-Media-Kan\u00e4le. Wenn dies der richtige Job f\u00fcr Sie ist, dann lesen Sie bitte unsere Richtlinien, um mehr zu erfahren: Themen Wir freuen uns [&hellip;]<\/p>\n","protected":false},"author":1,"featured_media":0,"parent":0,"menu_order":0,"comment_status":"closed","ping_status":"closed","template":"","meta":{"footnotes":""},"aioseo_notices":[],"_links":{"self":[{"href":"https:\/\/blog.waterlanes.eu\/de\/wp-json\/wp\/v2\/pages\/700"}],"collection":[{"href":"https:\/\/blog.waterlanes.eu\/de\/wp-json\/wp\/v2\/pages"}],"about":[{"href":"https:\/\/blog.waterlanes.eu\/de\/wp-json\/wp\/v2\/types\/page"}],"author":[{"embeddable":true,"href":"https:\/\/blog.waterlanes.eu\/de\/wp-json\/wp\/v2\/users\/1"}],"replies":[{"embeddable":true,"href":"https:\/\/blog.waterlanes.eu\/de\/wp-json\/wp\/v2\/comments?post=700"}],"version-history":[{"count":1,"href":"https:\/\/blog.waterlanes.eu\/de\/wp-json\/wp\/v2\/pages\/700\/revisions"}],"predecessor-version":[{"id":701,"href":"https:\/\/blog.waterlanes.eu\/de\/wp-json\/wp\/v2\/pages\/700\/revisions\/701"}],"wp:attachment":[{"href":"https:\/\/blog.waterlanes.eu\/de\/wp-json\/wp\/v2\/media?parent=700"}],"curies":[{"name":"wp","href":"https:\/\/api.w.org\/{rel}","templated":true}]}}